{"id":556,"date":"2020-03-04T11:40:37","date_gmt":"2020-03-04T09:40:37","guid":{"rendered":"http:\/\/test.artmedia.ee\/thermix\/information\/brosuurid\/"},"modified":"2020-03-23T09:28:46","modified_gmt":"2020-03-23T07:28:46","slug":"brochures","status":"publish","type":"page","link":"https:\/\/thermix.ee\/en\/information\/brochures\/","title":{"rendered":"Brochures"},"content":{"rendered":"<div id=\"acf-block-block_5e5f889086934\" class=\"acf-block-element text-center block-files\">\n<div class=\"row row-grid row-files\"><div class=\"col-6 col-md-4 col-lg-3\"><div class=\"file-item-wrap\"><div class=\"file-icon\"><svg width=\"24\" height=\"24\" viewBox=\"0 0 24 24\" xmlns=\"http:\/\/www.w3.org\/2000\/svg\" fill-rule=\"evenodd\" clip-rule=\"evenodd\"><path fill=\"#06148A\" d=\"M22 24h-20v-24h14l6 6v18zm-7-23h-12v22h18v-16h-6v-6zm1 5h4.586l-4.586-4.586v4.586z\"\/><text fill=\"#06148A\" font-family=\"Roboto\" font-size=\"6\" font-weight=\"700\"><tspan x=\"12\" y=\"16\" text-anchor=\"middle\">pdf<\/tspan><\/text><\/svg><\/div><h6>Bro\u0161\u00fc\u00fcr-1<\/h6><p>Date: 04.03.2020<\/p><p>Size: 1.99 MB<\/p><div class=\"file-download\"><a href=\"https:\/\/thermix.ee\/wp-content\/uploads\/2020\/03\/Bro\u0161\u00fc\u00fcr-1.pdf\" download>Download<\/a><\/div><\/div><\/div><\/div><\/div>","protected":false},"excerpt":{"rendered":"","protected":false},"author":1,"featured_media":0,"parent":477,"menu_order":20,"comment_status":"closed","ping_status":"closed","template":"","meta":{"_acf_changed":false,"inline_featured_image":false,"advgb_blocks_editor_width":"","advgb_blocks_columns_visual_guide":"","footnotes":""},"class_list":["post-556","page","type-page","status-publish","hentry"],"acf":[],"yoast_head":"<!-- This site is optimized with the Yoast SEO plugin v26.5 - https:\/\/yoast.com\/wordpress\/plugins\/seo\/ -->\n<title>Brochures - Thermix<\/title>\n<meta name=\"robots\" content=\"index, follow, max-snippet:-1, max-image-preview:large, max-video-preview:-1\" \/>\n<link rel=\"canonical\" href=\"https:\/\/thermix.ee\/informatsioon\/brosuurid\/\" \/>\n<meta property=\"og:locale\" content=\"en_US\" \/>\n<meta property=\"og:type\" content=\"article\" \/>\n<meta property=\"og:title\" content=\"Brochures - Thermix\" \/>\n<meta property=\"og:url\" content=\"https:\/\/thermix.ee\/informatsioon\/brosuurid\/\" \/>\n<meta property=\"og:site_name\" content=\"Thermix\" \/>\n<meta property=\"article:modified_time\" content=\"2020-03-23T07:28:46+00:00\" \/>\n<meta property=\"og:image\" content=\"https:\/\/thermix.ee\/wp-content\/uploads\/2020\/06\/puidupahtel-liimip\u00fcstol-1600x1067.jpg\" \/>\n\t<meta property=\"og:image:width\" content=\"1600\" \/>\n\t<meta property=\"og:image:height\" content=\"1067\" \/>\n\t<meta property=\"og:image:type\" content=\"image\/jpeg\" \/>\n<meta name=\"twitter:card\" content=\"summary_large_image\" \/>\n<script type=\"application\/ld+json\" class=\"yoast-schema-graph\">{\"@context\":\"https:\/\/schema.org\",\"@graph\":[{\"@type\":\"WebPage\",\"@id\":\"https:\/\/thermix.ee\/informatsioon\/brosuurid\/\",\"url\":\"https:\/\/thermix.ee\/informatsioon\/brosuurid\/\",\"name\":\"Brochures - Thermix\",\"isPartOf\":{\"@id\":\"https:\/\/thermix.ee\/#website\"},\"datePublished\":\"2020-03-04T09:40:37+00:00\",\"dateModified\":\"2020-03-23T07:28:46+00:00\",\"breadcrumb\":{\"@id\":\"https:\/\/thermix.ee\/informatsioon\/brosuurid\/#breadcrumb\"},\"inLanguage\":\"en-US\",\"potentialAction\":[{\"@type\":\"ReadAction\",\"target\":[\"https:\/\/thermix.ee\/informatsioon\/brosuurid\/\"]}]},{\"@type\":\"BreadcrumbList\",\"@id\":\"https:\/\/thermix.ee\/informatsioon\/brosuurid\/#breadcrumb\",\"itemListElement\":[{\"@type\":\"ListItem\",\"position\":1,\"name\":\"Home\",\"item\":\"https:\/\/thermix.ee\/en\/\"},{\"@type\":\"ListItem\",\"position\":2,\"name\":\"Information\",\"item\":\"https:\/\/thermix.ee\/informatsioon\/\"},{\"@type\":\"ListItem\",\"position\":3,\"name\":\"Brochures\"}]},{\"@type\":\"WebSite\",\"@id\":\"https:\/\/thermix.ee\/#website\",\"url\":\"https:\/\/thermix.ee\/\",\"name\":\"Thermix\",\"description\":\"Termopahtlite tootja\",\"potentialAction\":[{\"@type\":\"SearchAction\",\"target\":{\"@type\":\"EntryPoint\",\"urlTemplate\":\"https:\/\/thermix.ee\/?s={search_term_string}\"},\"query-input\":{\"@type\":\"PropertyValueSpecification\",\"valueRequired\":true,\"valueName\":\"search_term_string\"}}],\"inLanguage\":\"en-US\"}]}<\/script>\n<!-- \/ Yoast SEO plugin. -->","yoast_head_json":{"title":"Brochures - Thermix","robots":{"index":"index","follow":"follow","max-snippet":"max-snippet:-1","max-image-preview":"max-image-preview:large","max-video-preview":"max-video-preview:-1"},"canonical":"https:\/\/thermix.ee\/informatsioon\/brosuurid\/","og_locale":"en_US","og_type":"article","og_title":"Brochures - Thermix","og_url":"https:\/\/thermix.ee\/informatsioon\/brosuurid\/","og_site_name":"Thermix","article_modified_time":"2020-03-23T07:28:46+00:00","og_image":[{"width":1600,"height":1067,"url":"https:\/\/thermix.ee\/wp-content\/uploads\/2020\/06\/puidupahtel-liimip\u00fcstol-1600x1067.jpg","type":"image\/jpeg"}],"twitter_card":"summary_large_image","schema":{"@context":"https:\/\/schema.org","@graph":[{"@type":"WebPage","@id":"https:\/\/thermix.ee\/informatsioon\/brosuurid\/","url":"https:\/\/thermix.ee\/informatsioon\/brosuurid\/","name":"Brochures - Thermix","isPartOf":{"@id":"https:\/\/thermix.ee\/#website"},"datePublished":"2020-03-04T09:40:37+00:00","dateModified":"2020-03-23T07:28:46+00:00","breadcrumb":{"@id":"https:\/\/thermix.ee\/informatsioon\/brosuurid\/#breadcrumb"},"inLanguage":"en-US","potentialAction":[{"@type":"ReadAction","target":["https:\/\/thermix.ee\/informatsioon\/brosuurid\/"]}]},{"@type":"BreadcrumbList","@id":"https:\/\/thermix.ee\/informatsioon\/brosuurid\/#breadcrumb","itemListElement":[{"@type":"ListItem","position":1,"name":"Home","item":"https:\/\/thermix.ee\/en\/"},{"@type":"ListItem","position":2,"name":"Information","item":"https:\/\/thermix.ee\/informatsioon\/"},{"@type":"ListItem","position":3,"name":"Brochures"}]},{"@type":"WebSite","@id":"https:\/\/thermix.ee\/#website","url":"https:\/\/thermix.ee\/","name":"Thermix","description":"Termopahtlite tootja","potentialAction":[{"@type":"SearchAction","target":{"@type":"EntryPoint","urlTemplate":"https:\/\/thermix.ee\/?s={search_term_string}"},"query-input":{"@type":"PropertyValueSpecification","valueRequired":true,"valueName":"search_term_string"}}],"inLanguage":"en-US"}]}},"coauthors":[],"author_meta":{"author_link":"https:\/\/thermix.ee\/en\/author\/admin\/","display_name":"admin"},"relative_dates":{"created":"Posted 6 years ago","modified":"Updated 6 years ago"},"absolute_dates":{"created":"Posted on 4. Mar 2020","modified":"Updated on 23. Mar 2020"},"absolute_dates_time":{"created":"Posted on 4. Mar 2020 11:40","modified":"Updated on 23. Mar 2020 09:28"},"featured_img_caption":"","featured_img":false,"series_order":"","_links":{"self":[{"href":"https:\/\/thermix.ee\/en\/wp-json\/wp\/v2\/pages\/556","targetHints":{"allow":["GET"]}}],"collection":[{"href":"https:\/\/thermix.ee\/en\/wp-json\/wp\/v2\/pages"}],"about":[{"href":"https:\/\/thermix.ee\/en\/wp-json\/wp\/v2\/types\/page"}],"author":[{"embeddable":true,"href":"https:\/\/thermix.ee\/en\/wp-json\/wp\/v2\/users\/1"}],"replies":[{"embeddable":true,"href":"https:\/\/thermix.ee\/en\/wp-json\/wp\/v2\/comments?post=556"}],"version-history":[{"count":4,"href":"https:\/\/thermix.ee\/en\/wp-json\/wp\/v2\/pages\/556\/revisions"}],"predecessor-version":[{"id":562,"href":"https:\/\/thermix.ee\/en\/wp-json\/wp\/v2\/pages\/556\/revisions\/562"}],"up":[{"embeddable":true,"href":"https:\/\/thermix.ee\/en\/wp-json\/wp\/v2\/pages\/477"}],"wp:attachment":[{"href":"https:\/\/thermix.ee\/en\/wp-json\/wp\/v2\/media?parent=556"}],"curies":[{"name":"wp","href":"https:\/\/api.w.org\/{rel}","templated":true}]}}